{"id":14,"date":"2018-07-04T19:27:42","date_gmt":"2018-07-04T19:27:42","guid":{"rendered":"http:\/\/feuerwehr-simonsberg.de\/?page_id=14"},"modified":"2022-12-05T15:03:56","modified_gmt":"2022-12-05T14:03:56","slug":"ff-simonsberg","status":"publish","type":"page","link":"https:\/\/feuerwehr-simonsberg.de\/?page_id=14","title":{"rendered":"Freiwillige Feuerwehr Simonsberg"},"content":{"rendered":"<p>Seit 1908 gibt es eine Feuerwehr in Simonsberg.<\/p>\n<p>Aktuell sind wir etwa 30 Frauen und M\u00e4nner aus Simonsberg, Finkhaus und der S\u00fcdermarsch. Zwischen 18 und 60 Jahren alt, aus ganz verschiedenen Berufen.<\/p>\n<p>Wir stehen rund um die Uhr an jedem Tag bereit, Br\u00e4nde zu l\u00f6schen, Menschen und Tiere zu retten, Hilfe zu leisten, aber auch z.B. Sturmsch\u00e4den zu beseitigen und bei Sturmflut den Deich zu kontrollieren.<\/p>\n<p>Wir tun das freiwillig, ehrenamtlich ohne Bezahlung. Unser Einsatz dient zu unserem und Eurem Schutz und Sicherheit. <br \/>Die Gemeinde stattet uns aus und tr\u00e4gt die Kosten f\u00fcr Material und Ausbildungen.<\/p>\n<p>Wir treffen uns monatlich zu \u00dcbungsabenden, nehmen an Fortbildungen und Wettbewerben teil.<\/p>\n<p>Wenn Du in Simonsberg lebst &#8211; wir brauchen Deine Unterst\u00fctzung, melde Dich bei uns!<\/p>\n<p><a href=\"mailto:F.Feuerwehr1908@gmail.com\">F.Feuerwehr1908@gmail.com<\/a><\/p>\n<p>Mit kameradschaftlichen Gr\u00fc\u00dfen<br \/>Benjamin Knudsen (Gemeindewehrf\u00fchrer)<\/p>\n\n\n<p><a href=\"http:\/\/feuerwehr-simonsberg.de\/?page_id=119\">HIER geht es zum internen Bereich f\u00fcr die Einsatzabteilung (passwortgesch\u00fctzt)<\/a><\/p>\n","protected":false},"excerpt":{"rendered":"<p>Seit 1908 gibt es eine Feuerwehr in Simonsberg. Aktuell sind wir etwa 30 Frauen und M\u00e4nner aus Simonsberg, Finkhaus und der S\u00fcdermarsch. Zwischen 18 und 60 Jahren alt, aus ganz verschiedenen Berufen. Wir stehen rund um die Uhr an jedem Tag bereit, Br\u00e4nde zu l\u00f6schen, Menschen und Tiere zu retten, Hilfe zu leisten, aber auch &hellip; <\/p>\n<p class=\"link-more\"><a href=\"https:\/\/feuerwehr-simonsberg.de\/?page_id=14\" class=\"more-link\"><span class=\"screen-reader-text\">\u201eFreiwillige Feuerwehr Simonsberg\u201c <\/span>weiterlesen<\/a><\/p>\n","protected":false},"author":1,"featured_media":165,"parent":0,"menu_order":0,"comment_status":"closed","ping_status":"closed","template":"","meta":{"footnotes":""},"class_list":["post-14","page","type-page","status-publish","has-post-thumbnail","hentry"],"_links":{"self":[{"href":"https:\/\/feuerwehr-simonsberg.de\/index.php?rest_route=\/wp\/v2\/pages\/14"}],"collection":[{"href":"https:\/\/feuerwehr-simonsberg.de\/index.php?rest_route=\/wp\/v2\/pages"}],"about":[{"href":"https:\/\/feuerwehr-simonsberg.de\/index.php?rest_route=\/wp\/v2\/types\/page"}],"author":[{"embeddable":true,"href":"https:\/\/feuerwehr-simonsberg.de\/index.php?rest_route=\/wp\/v2\/users\/1"}],"replies":[{"embeddable":true,"href":"https:\/\/feuerwehr-simonsberg.de\/index.php?rest_route=%2Fwp%2Fv2%2Fcomments&post=14"}],"version-history":[{"count":14,"href":"https:\/\/feuerwehr-simonsberg.de\/index.php?rest_route=\/wp\/v2\/pages\/14\/revisions"}],"predecessor-version":[{"id":196,"href":"https:\/\/feuerwehr-simonsberg.de\/index.php?rest_route=\/wp\/v2\/pages\/14\/revisions\/196"}],"wp:featuredmedia":[{"embeddable":true,"href":"https:\/\/feuerwehr-simonsberg.de\/index.php?rest_route=\/wp\/v2\/media\/165"}],"wp:attachment":[{"href":"https:\/\/feuerwehr-simonsberg.de\/index.php?rest_route=%2Fwp%2Fv2%2Fmedia&parent=14"}],"curies":[{"name":"wp","href":"https:\/\/api.w.org\/{rel}","templated":true}]}}