{"id":24,"date":"2018-07-04T19:45:59","date_gmt":"2018-07-04T19:45:59","guid":{"rendered":"http:\/\/feuerwehr-simonsberg.de\/?page_id=24"},"modified":"2022-08-02T23:49:28","modified_gmt":"2022-08-02T22:49:28","slug":"foerderverein-der-freiwilligen-feuerwehr-simonsberg","status":"publish","type":"page","link":"https:\/\/feuerwehr-simonsberg.de\/?page_id=24","title":{"rendered":"F\u00f6rderverein der Freiwilligen Feuerwehr Simonsberg"},"content":{"rendered":"<p>Der F\u00f6rderverein besteht seit 2014 und hat ca. 140 Mitglieder. Er unterst\u00fctzt die Feuerwehr \u00fcber das hinaus, was die Gemeinde als Pflichtaufgabe zu erf\u00fcllen hat, um die Ausr\u00fcstung und Ausbildung der aktiven Wehr und der Jugendfeuerwehr zu verbessern.<\/p>\n<p>Im Unterschied zu den passiven Mitgliedern einer Feuerwehr haben die Mitglieder des F\u00f6rdervereins Vorteile: Der Verein ist als gemeinn\u00fctzig anerkannt, Mitgliedsbeitr\u00e4ge und Spenden sind steuerlich absetzbar.<\/p>\n<p>Wir laden alle Einwohner und Freunde der Gemeinde Simonsberg herzlich ein, sich als Mitglieder und F\u00f6rderer zu beteiligen.<\/p>\n<p>Hier finden Sie die Beitrittserkl\u00e4rung:\u00a0<a href=\"https:\/\/feuerwehr-simonsberg.de\/wp-content\/uploads\/2022\/08\/Beitrittserklaerung_v5.pdf\">Beitrittserkl\u00e4rung<\/a><\/p>\n<p>Der Vorsitzende des F\u00f6rdervereins<\/p>\n<p>Uwe Beythien<\/p>\n<p><a href=\"mailto:uwe.beythien@beycon.org\">uwe.beythien@beycon.org<\/a><\/p>\n\n\n<p><\/p>\n","protected":false},"excerpt":{"rendered":"<p>Der F\u00f6rderverein besteht seit 2014 und hat ca. 140 Mitglieder. Er unterst\u00fctzt die Feuerwehr \u00fcber das hinaus, was die Gemeinde als Pflichtaufgabe zu erf\u00fcllen hat, um die Ausr\u00fcstung und Ausbildung der aktiven Wehr und der Jugendfeuerwehr zu verbessern. Im Unterschied zu den passiven Mitgliedern einer Feuerwehr haben die Mitglieder des F\u00f6rdervereins Vorteile: Der Verein ist &hellip; <\/p>\n<p class=\"link-more\"><a href=\"https:\/\/feuerwehr-simonsberg.de\/?page_id=24\" class=\"more-link\"><span class=\"screen-reader-text\">\u201eF\u00f6rderverein der Freiwilligen Feuerwehr Simonsberg\u201c <\/span>weiterlesen<\/a><\/p>\n","protected":false},"author":1,"featured_media":62,"parent":0,"menu_order":1,"comment_status":"closed","ping_status":"closed","template":"","meta":{"footnotes":""},"class_list":["post-24","page","type-page","status-publish","has-post-thumbnail","hentry"],"_links":{"self":[{"href":"https:\/\/feuerwehr-simonsberg.de\/index.php?rest_route=\/wp\/v2\/pages\/24"}],"collection":[{"href":"https:\/\/feuerwehr-simonsberg.de\/index.php?rest_route=\/wp\/v2\/pages"}],"about":[{"href":"https:\/\/feuerwehr-simonsberg.de\/index.php?rest_route=\/wp\/v2\/types\/page"}],"author":[{"embeddable":true,"href":"https:\/\/feuerwehr-simonsberg.de\/index.php?rest_route=\/wp\/v2\/users\/1"}],"replies":[{"embeddable":true,"href":"https:\/\/feuerwehr-simonsberg.de\/index.php?rest_route=%2Fwp%2Fv2%2Fcomments&post=24"}],"version-history":[{"count":7,"href":"https:\/\/feuerwehr-simonsberg.de\/index.php?rest_route=\/wp\/v2\/pages\/24\/revisions"}],"predecessor-version":[{"id":188,"href":"https:\/\/feuerwehr-simonsberg.de\/index.php?rest_route=\/wp\/v2\/pages\/24\/revisions\/188"}],"wp:featuredmedia":[{"embeddable":true,"href":"https:\/\/feuerwehr-simonsberg.de\/index.php?rest_route=\/wp\/v2\/media\/62"}],"wp:attachment":[{"href":"https:\/\/feuerwehr-simonsberg.de\/index.php?rest_route=%2Fwp%2Fv2%2Fmedia&parent=24"}],"curies":[{"name":"wp","href":"https:\/\/api.w.org\/{rel}","templated":true}]}}